{"id":2466,"date":"2014-03-27T09:07:05","date_gmt":"2014-03-27T08:07:05","guid":{"rendered":"http:\/\/www.cloudylabs.fr\/wp\/?page_id=2466"},"modified":"2025-08-31T10:05:57","modified_gmt":"2025-08-31T09:05:57","slug":"casc_elect","status":"publish","type":"page","link":"https:\/\/www.cloudylabs.fr\/wp\/casc_elect\/","title":{"rendered":"Cascades \u00e9lectromagn\u00e9tiques"},"content":{"rendered":"<p style=\"text-align: justify;\">Electromagnetic cascade or \u00ab\u00a0soft cascade\u00a0\u00bb (soft referring to the beta particles) comes from the interaction of a \u03b3-ray with a nucleus and materialises (pair creation effect), the resulting electrons subsequently producing new \u03b3-rays by bremsstrahlung. These materialise in turn and there is a rapid development of a &lsquo;cascade&rsquo;, the original energy being dispersed among a large number of electron and \u03b3-quanta. Alternatively, the cascade may be initiated by a fast electron. The dispersal of the energy among an increasing number of electrons and quanta necessarily involves a rapid reduction in the average energy of the particles in a cascade. When the energy of an individual electron is reduced to \u223c20 MeV (in a medium of nuclear emulsion), it is soon removed from the cascade through loss of energy by ionisation (remember the concept of <a href=\"https:\/\/www.cloudylabs.fr\/wp\/dedx\/#critique\">critical energy<\/a> E<sub>c<\/sub> ; When the energy of the particle is below E<sub>c<\/sub>, the main process of energy loss is by ionisation and not more by Bremsstrahlung). As a result of such processes, the number of electrons rises to a maximum value and then declines.&nbsp; During a cascade, secondary processes also happens : loss of energy by ionisation, Compton effect, deviations due to scattering which increase the divergence of the particles in the cascade and trident production.<\/p>\n<p>&nbsp;<\/p>\n<p style=\"text-align: center;\"><iframe loading=\"lazy\" title=\"YouTube video player\" src=\"https:\/\/www.youtube.com\/embed\/g8gd04OgaP8?si=DcffOou1I5fG2l2c\" width=\"560\" height=\"315\" frameborder=\"0\" allowfullscreen=\"allowfullscreen\" data-mce-fragment=\"1\"><\/iframe><\/p>\n<p style=\"text-align: center;\"><iframe loading=\"lazy\" title=\"YouTube video player\" src=\"https:\/\/www.youtube.com\/embed\/Ua00KStDIic?si=-dBD4pV93AWLCGbD\" width=\"560\" height=\"315\" frameborder=\"0\" allowfullscreen=\"allowfullscreen\"><\/iframe><\/p>\n<p style=\"text-align: left;\">Les images suivantes dans des chambres \u00e0 expansions montrent de tels \u00e9v\u00e9nements avec des particules primaires d&rsquo;origine cosmique.<\/p>\n<div id=\"attachment_2207\" style=\"width: 792px\" class=\"wp-caption aligncenter\"><a href=\"http:\/\/www.cloudylabs.fr\/wp\/wp-content\/uploads\/2014\/02\/electromagnetic-shower1.png\"><img loading=\"lazy\" decoding=\"async\" aria-describedby=\"caption-attachment-2207\" class=\" wp-image-2207\" src=\"http:\/\/www.cloudylabs.fr\/wp\/wp-content\/uploads\/2014\/02\/electromagnetic-shower1.png\" alt=\"electromagnetic shower\" width=\"782\" height=\"463\" srcset=\"https:\/\/www.cloudylabs.fr\/wp\/wp-content\/uploads\/2014\/02\/electromagnetic-shower1.png 2174w, https:\/\/www.cloudylabs.fr\/wp\/wp-content\/uploads\/2014\/02\/electromagnetic-shower1-300x177.png 300w, https:\/\/www.cloudylabs.fr\/wp\/wp-content\/uploads\/2014\/02\/electromagnetic-shower1-1024x605.png 1024w\" sizes=\"auto, (max-width: 782px) 100vw, 782px\" \/><\/a><p id=\"caption-attachment-2207\" class=\"wp-caption-text\">Gerbes produites par des particules non ionisantes. A gauche (1937) diam\u00e8tre de la chambre 14 cm, profondeur 2,5 cm, plaque de platine de 0,5 cm d&rsquo;\u00e9paisseur, pas de champ magn\u00e9tique. A droite diam\u00e8tre de la chambre 30 cm, profondeur 10 cm, plaque de plomb de 3 cm d&rsquo;\u00e9paisseur, pas de champ magn\u00e9tique.<\/p><\/div>\n<p style=\"text-align: justify;\">Ci dessus la particule primaire est neutre et ne laisse pas de trace comme on peu le voir sur les images ci dessus. Il s&rsquo;agit de rayonnements gamma.<\/p>\n<div id=\"attachment_2216\" style=\"width: 783px\" class=\"wp-caption aligncenter\"><a href=\"http:\/\/www.cloudylabs.fr\/wp\/wp-content\/uploads\/2014\/03\/electromagnetic-shower-cloud.png\"><img loading=\"lazy\" decoding=\"async\" aria-describedby=\"caption-attachment-2216\" class=\" wp-image-2216\" src=\"http:\/\/www.cloudylabs.fr\/wp\/wp-content\/uploads\/2014\/03\/electromagnetic-shower-cloud.png\" alt=\"electromagnetic shower cloud\" width=\"773\" height=\"494\" srcset=\"https:\/\/www.cloudylabs.fr\/wp\/wp-content\/uploads\/2014\/03\/electromagnetic-shower-cloud.png 2148w, https:\/\/www.cloudylabs.fr\/wp\/wp-content\/uploads\/2014\/03\/electromagnetic-shower-cloud-300x191.png 300w, https:\/\/www.cloudylabs.fr\/wp\/wp-content\/uploads\/2014\/03\/electromagnetic-shower-cloud-1024x654.png 1024w\" sizes=\"auto, (max-width: 773px) 100vw, 773px\" \/><\/a><p id=\"caption-attachment-2216\" class=\"wp-caption-text\"><a name=\"blacket\"><\/a> A gauche : Cascade ayant son origine ext\u00e9rieure \u00e0 la chambre, 3100 gauss, diam\u00e8tre de la chambre 13 cm. A droite : Gerbe form\u00e9e dans une plaque de plomb, pas de champ magn\u00e9tique, diam\u00e8tre de la chambre 30 cm.<\/p><\/div>\n<p style=\"text-align: justify;\">D&rsquo;autre exemples de cascade \u00e9lectromagn\u00e9tique, constitu\u00e9e d&rsquo;\u00e9lectrons et de positons (ci dessus). La photographie de gauche a \u00e9t\u00e9 une des premi\u00e8re \u00e0 montrer le ph\u00e9nom\u00e8ne des cascades \u00e9lectromagn\u00e9tique (Blackett et Occhialini, 1933). Sur cette photo, les deux particules les plus courb\u00e9es, \u00e0 droite, sont des positons de 12 et 45 MeV\/c.<\/p>\n<div id=\"attachment_2217\" style=\"width: 727px\" class=\"wp-caption aligncenter\"><a href=\"http:\/\/www.cloudylabs.fr\/wp\/wp-content\/uploads\/2014\/03\/secondary-electromagnetic-shower.png\"><img loading=\"lazy\" decoding=\"async\" aria-describedby=\"caption-attachment-2217\" class=\" wp-image-2217\" src=\"http:\/\/www.cloudylabs.fr\/wp\/wp-content\/uploads\/2014\/03\/secondary-electromagnetic-shower-1024x486.png\" alt=\"secondary electromagnetic shower\" width=\"717\" height=\"340\" srcset=\"https:\/\/www.cloudylabs.fr\/wp\/wp-content\/uploads\/2014\/03\/secondary-electromagnetic-shower-1024x486.png 1024w, https:\/\/www.cloudylabs.fr\/wp\/wp-content\/uploads\/2014\/03\/secondary-electromagnetic-shower-300x142.png 300w\" sizes=\"auto, (max-width: 717px) 100vw, 717px\" \/><\/a><p id=\"caption-attachment-2217\" class=\"wp-caption-text\">\u00c9lectrons et positons issus d&rsquo;une gerbe primaire faisant d&rsquo;autres cascade \u00e9lectromagn\u00e9tique dans un \u00e9cran de plomb de 3 cm (1938). Diam\u00e8tre de la chambre 30 cm, pas de champ magn\u00e9tique.<\/p><\/div>\n<p style=\"text-align: justify;\">Si l&rsquo;\u00e9nergie des positons et \u00e9lectrons cr\u00e9e dans une gerbe est suffisante, ils peuvent initier d&rsquo;autre gerbes si de la mati\u00e8re est pr\u00e9sente. Comme le montre les photos, les particules les moins \u00e9nerg\u00e9tiques ne font pas de gerbes et sont absorb\u00e9e par le plomb. Dans la photo de droite, les particules arrivent de fa\u00e7on quasi parall\u00e8le.<\/p>\n<p style=\"text-align: center;\"><a href=\"http:\/\/www.cloudylabs.fr\/wp\/wp-content\/uploads\/2014\/03\/electromagnetic-shower.png\"><img loading=\"lazy\" decoding=\"async\" class=\"aligncenter wp-image-2337\" src=\"http:\/\/www.cloudylabs.fr\/wp\/wp-content\/uploads\/2014\/03\/electromagnetic-shower-1004x1024.png\" alt=\"electromagnetic shower\" width=\"450\" height=\"459\" srcset=\"https:\/\/www.cloudylabs.fr\/wp\/wp-content\/uploads\/2014\/03\/electromagnetic-shower-1004x1024.png 1004w, https:\/\/www.cloudylabs.fr\/wp\/wp-content\/uploads\/2014\/03\/electromagnetic-shower-294x300.png 294w, https:\/\/www.cloudylabs.fr\/wp\/wp-content\/uploads\/2014\/03\/electromagnetic-shower.png 1017w\" sizes=\"auto, (max-width: 450px) 100vw, 450px\" \/><\/a><\/p>\n<p style=\"text-align: justify;\">Cette image \u00e0 \u00e9t\u00e9 prise dans une chambre \u00e0 brouillard de diam\u00e8tre 30 cm sous un champ magn\u00e9tique de 7000 gauss. La plaque de plomb est \u00e9paisse de 3,5 cm. Les gerbes de la partie inf\u00e9rieure sont initi\u00e9s par des photons entre 0,7 et 3 GeV d&rsquo;\u00e9nergie.<\/p>\n<p style=\"text-align: center;\"><a href=\"http:\/\/www.cloudylabs.fr\/wp\/wp-content\/uploads\/2014\/03\/electromagnetic-shower-photon-initiated.png\"><img loading=\"lazy\" decoding=\"async\" class=\"aligncenter wp-image-2338\" src=\"http:\/\/www.cloudylabs.fr\/wp\/wp-content\/uploads\/2014\/03\/electromagnetic-shower-photon-initiated-621x1024.png\" alt=\"electromagnetic shower photon initiated\" width=\"559\" height=\"922\" srcset=\"https:\/\/www.cloudylabs.fr\/wp\/wp-content\/uploads\/2014\/03\/electromagnetic-shower-photon-initiated-621x1024.png 621w, https:\/\/www.cloudylabs.fr\/wp\/wp-content\/uploads\/2014\/03\/electromagnetic-shower-photon-initiated-181x300.png 181w, https:\/\/www.cloudylabs.fr\/wp\/wp-content\/uploads\/2014\/03\/electromagnetic-shower-photon-initiated.png 1486w\" sizes=\"auto, (max-width: 559px) 100vw, 559px\" \/><\/a><\/p>\n<p style=\"text-align: justify;\">La chambre avait pour dimension un carr\u00e9 de 50 cm pour une profondeur de 20 cm et contenaient 8 plaques de plomb de 1,3 cm. L&rsquo;expansion de la chambre \u00e9tait d\u00e9clench\u00e9e par des compteurs en co\u00efncidence au niveau de la mer. La cascade est initi\u00e9 par un photon primaire d&rsquo;environ 4 GeV. Quelques \u00e9lectrons sont <a href=\"http:\/\/www.cloudylabs.fr\/wp\/lepton_pictures\/#diffusionnoyau\" target=\"_blank\" rel=\"noopener noreferrer\">r\u00e9trodiffus\u00e9<\/a> sur les plaques de plomb.<\/p>\n<p><a href=\"http:\/\/www.cloudylabs.fr\/wp\/wp-content\/uploads\/2014\/03\/Electromagnetic-shower2.png\"><img loading=\"lazy\" decoding=\"async\" class=\"aligncenter\" src=\"http:\/\/www.cloudylabs.fr\/wp\/wp-content\/uploads\/2014\/03\/Electromagnetic-shower2-628x1024.png\" alt=\"Electromagnetic shower2\" width=\"502\" height=\"819\"><\/a><\/p>\n<p>Les conditions sont identique \u00e0 la photo pr\u00e9c\u00e9dente. Malheureusement l&rsquo;espace au dessus de la premi\u00e8re plaque de plomb n&rsquo;est pas visible ce qui emp\u00eache d&rsquo;identifier les particules primaires (\u00e9lectron ou photon) ayant engendr\u00e9 les gerbes.<\/p>\n<p style=\"text-align: justify;\"><a style=\"text-align: center; line-height: 1.5em;\" href=\"http:\/\/www.cloudylabs.fr\/wp\/wp-content\/uploads\/2014\/03\/electromagnetic-shower-electron-primary.png\"><img loading=\"lazy\" decoding=\"async\" class=\"aligncenter wp-image-2339\" src=\"http:\/\/www.cloudylabs.fr\/wp\/wp-content\/uploads\/2014\/03\/electromagnetic-shower-electron-primary-1024x375.png\" alt=\"electromagnetic shower electron primary\" width=\"819\" height=\"300\" srcset=\"https:\/\/www.cloudylabs.fr\/wp\/wp-content\/uploads\/2014\/03\/electromagnetic-shower-electron-primary-1024x375.png 1024w, https:\/\/www.cloudylabs.fr\/wp\/wp-content\/uploads\/2014\/03\/electromagnetic-shower-electron-primary-300x110.png 300w\" sizes=\"auto, (max-width: 819px) 100vw, 819px\" \/><\/a><\/p>\n<p style=\"text-align: justify;\">Vue st\u00e9r\u00e9oscopique de gerbes \u00e9lectromagn\u00e9tique produites par des \u00e9lectrons primaires. Les plaques de plomb font 1,3 cm d&rsquo;\u00e9paisseur. A gauche, l&rsquo;\u00e9nergie de l&rsquo;\u00e9lectron primaire est d&rsquo;environ 4 GeV. Sur la photo de droite, la cascade est particuli\u00e8re : il n&rsquo;y a apparemment pas de gerbe cr\u00e9e apr\u00e8s la premi\u00e8re plaque de plomb. Un examen st\u00e9r\u00e9oscopique montre que les deux particules dans cette zone ne sont pas li\u00e9s \u00e0 l&rsquo;\u00e9lectron primaire. Un photon issu de l&rsquo;interaction de l&rsquo;\u00e9lectron primaire avec la plaque de plomb &nbsp;sup\u00e9rieur produit une petite gerbe dans la plaque du milieu.<\/p>\n<p style=\"text-align: center;\"><a href=\"http:\/\/www.cloudylabs.fr\/wp\/wp-content\/uploads\/2014\/03\/electromagnetic-shower-steroscopic.png\"><img loading=\"lazy\" decoding=\"async\" class=\"aligncenter wp-image-2340\" src=\"http:\/\/www.cloudylabs.fr\/wp\/wp-content\/uploads\/2014\/03\/electromagnetic-shower-steroscopic-1024x657.png\" alt=\"electromagnetic shower steroscopic\" width=\"737\" height=\"473\" srcset=\"https:\/\/www.cloudylabs.fr\/wp\/wp-content\/uploads\/2014\/03\/electromagnetic-shower-steroscopic-1024x657.png 1024w, https:\/\/www.cloudylabs.fr\/wp\/wp-content\/uploads\/2014\/03\/electromagnetic-shower-steroscopic-300x192.png 300w, https:\/\/www.cloudylabs.fr\/wp\/wp-content\/uploads\/2014\/03\/electromagnetic-shower-steroscopic.png 1712w\" sizes=\"auto, (max-width: 737px) 100vw, 737px\" \/><\/a><\/p>\n<p style=\"text-align: justify;\">Vue st\u00e9r\u00e9oscopique d&rsquo;\u00e9lectrons et de positons (venant du haut) passant \u00e0 travers une plaque de 3,5 mm de plomb. Certains \u00e9lectrons\/positons incident sont absorb\u00e9s par la plaque de plomb ou perdent de l&rsquo;\u00e9nergie (comme le montre la diminution de leur rayon de courbure apr\u00e8s passage dans la plaque). On observe une cr\u00e9ation de paire form\u00e9e par un photon incident.<\/p>\n<p style=\"text-align: center;\"><a href=\"http:\/\/www.cloudylabs.fr\/wp\/wp-content\/uploads\/2014\/03\/cloud-chamber-electromagnetic.png\"><img loading=\"lazy\" decoding=\"async\" class=\"aligncenter wp-image-2341\" src=\"http:\/\/www.cloudylabs.fr\/wp\/wp-content\/uploads\/2014\/03\/cloud-chamber-electromagnetic.png\" alt=\"cloud chamber electromagnetic\" width=\"430\" height=\"583\" srcset=\"https:\/\/www.cloudylabs.fr\/wp\/wp-content\/uploads\/2014\/03\/cloud-chamber-electromagnetic.png 478w, https:\/\/www.cloudylabs.fr\/wp\/wp-content\/uploads\/2014\/03\/cloud-chamber-electromagnetic-221x300.png 221w\" sizes=\"auto, (max-width: 430px) 100vw, 430px\" \/><\/a><\/p>\n<p style=\"text-align: justify;\">Cascade (shower) \u00e9lectromagn\u00e9tique <a href=\"http:\/\/www.cloudylabs.fr\/wp\/wp-content\/uploads\/2014\/03\/Cloud-chamber-observations-of-cosmic-rays-at-4300-meters-elevation-and-near-sea-level.pdf\" target=\"_blank\" rel=\"noopener noreferrer\">obtenu<\/a> par Anderson \u00e0 une altitude de 4300 m sous un champ magn\u00e9tique de 7900 gauss (1936). Il s&rsquo;agit de la m\u00eame chambre (\u00d816,5 cm)&nbsp;verticale \u00e0 expansion o\u00f9 Anderson a d\u00e9couvert le positon. Sur la gauche, on observe 3 trac\u00e9s correspondant \u00e0 des \u00e9lectrons de 3,5 ; 55 et 190 MeV\/c (de gauche \u00e0 droite). Trois positons sont observable \u00e0 droite avec des momentum de 78 ; 70 et 90 MeV\/c. Le trac\u00e9 en spiral provient d&rsquo;un delta ray de 3 MeV\/c produit par l&rsquo;\u00e9lectron de 190 MeV\/c .<\/p>\n<h3><a href=\"http:\/\/www.cloudylabs.fr\/wp\/wp-content\/uploads\/2014\/03\/Electromagnetic-shower.png\"><img loading=\"lazy\" decoding=\"async\" class=\"aligncenter wp-image-2400\" src=\"http:\/\/www.cloudylabs.fr\/wp\/wp-content\/uploads\/2014\/03\/Electromagnetic-shower-1024x363.png\" alt=\"Electromagnetic shower\" width=\"819\" height=\"290\" srcset=\"https:\/\/www.cloudylabs.fr\/wp\/wp-content\/uploads\/2014\/03\/Electromagnetic-shower-1024x363.png 1024w, https:\/\/www.cloudylabs.fr\/wp\/wp-content\/uploads\/2014\/03\/Electromagnetic-shower-300x106.png 300w, https:\/\/www.cloudylabs.fr\/wp\/wp-content\/uploads\/2014\/03\/Electromagnetic-shower.png 1680w\" sizes=\"auto, (max-width: 819px) 100vw, 819px\" \/><\/a><\/h3>\n<p style=\"text-align: justify;\">A droite, en haut, photographie (1939) &nbsp;d&rsquo;une chambre \u00e0 expansion de 28 cm de diam\u00e8tre balay\u00e9 par une cascade \u00e9lectromagn\u00e9tique initi\u00e9 loin de la chambre. A droite, photo d&rsquo;une chambre \u00e0 diffusion de 45&#215;45 cm montrant le m\u00eame type d&rsquo;\u00e9v\u00e9nements que j&rsquo;ai pu <a title=\"(en bas de la page)\" href=\"http:\/\/www.cloudylabs.fr\/wp\/experiences\/\" target=\"_blank\" rel=\"noopener noreferrer\">observer en 2012<\/a> \u00e0 2900 m d&rsquo;altitude.<\/p>\n<p style=\"text-align: center;\"><a href=\"http:\/\/www.cloudylabs.fr\/wp\/wp-content\/uploads\/2014\/03\/Electromagnetic-shower3.png\"><img loading=\"lazy\" decoding=\"async\" class=\"aligncenter wp-image-2402\" src=\"http:\/\/www.cloudylabs.fr\/wp\/wp-content\/uploads\/2014\/03\/Electromagnetic-shower3-826x1024.png\" alt=\"Electromagnetic shower3\" width=\"496\" height=\"614\" srcset=\"https:\/\/www.cloudylabs.fr\/wp\/wp-content\/uploads\/2014\/03\/Electromagnetic-shower3-826x1024.png 826w, https:\/\/www.cloudylabs.fr\/wp\/wp-content\/uploads\/2014\/03\/Electromagnetic-shower3-242x300.png 242w\" sizes=\"auto, (max-width: 496px) 100vw, 496px\" \/><\/a><\/p>\n<p style=\"text-align: justify;\">Photographie (1949) au niveau de la mer d&rsquo;une chambre de dimension 50 x 40 x 15 cm contenant 16 plaques de plomb de &nbsp;1,3 cm. Des \u00e9lectrons primaire parall\u00e8le (ou des photons), eux m\u00eame issu d&rsquo;une pr\u00e9c\u00e9dente gerbe, ont engendr\u00e9 deux cascades. L&rsquo;\u00e9nergie des particules primaires est estim\u00e9e entre 2 \u00e0 5 GeV.<\/p>\n<p style=\"text-align: center;\"><a href=\"http:\/\/www.cloudylabs.fr\/wp\/wp-content\/uploads\/2014\/03\/electromagnetic-shower-cloud-chamber.jpg\"><img loading=\"lazy\" decoding=\"async\" class=\"aligncenter wp-image-2461\" src=\"http:\/\/www.cloudylabs.fr\/wp\/wp-content\/uploads\/2014\/03\/electromagnetic-shower-cloud-chamber-787x1024.jpg\" alt=\"electromagnetic shower cloud chamber\" width=\"504\" height=\"655\" srcset=\"https:\/\/www.cloudylabs.fr\/wp\/wp-content\/uploads\/2014\/03\/electromagnetic-shower-cloud-chamber-787x1024.jpg 787w, https:\/\/www.cloudylabs.fr\/wp\/wp-content\/uploads\/2014\/03\/electromagnetic-shower-cloud-chamber-230x300.jpg 230w, https:\/\/www.cloudylabs.fr\/wp\/wp-content\/uploads\/2014\/03\/electromagnetic-shower-cloud-chamber.jpg 1096w\" sizes=\"auto, (max-width: 504px) 100vw, 504px\" \/><\/a><\/p>\n<p style=\"text-align: justify;\">Cascade \u00e9lectromagn\u00e9tique vraisemblablement initi\u00e9e par un photon. Il y a trois \u00e9crans de plomb \u00e9pais de 2 cm chacun et distant de 13 cm, dimension de la chambre 75 x 75 cm. L&rsquo;\u00e9nergie totale peut \u00eatre estim\u00e9e \u00e0 30 GeV.<\/p>\n<div id=\"attachment_3062\" style=\"width: 529px\" class=\"wp-caption alignleft\"><a href=\"http:\/\/www.cloudylabs.fr\/wp\/wp-content\/uploads\/2014\/03\/positonGerbe.jpg\"><img loading=\"lazy\" decoding=\"async\" aria-describedby=\"caption-attachment-3062\" class=\" wp-image-3062\" src=\"http:\/\/www.cloudylabs.fr\/wp\/wp-content\/uploads\/2014\/03\/positonGerbe.jpg\" alt=\"positonGerbe\" width=\"519\" height=\"339\" srcset=\"https:\/\/www.cloudylabs.fr\/wp\/wp-content\/uploads\/2014\/03\/positonGerbe.jpg 810w, https:\/\/www.cloudylabs.fr\/wp\/wp-content\/uploads\/2014\/03\/positonGerbe-300x196.jpg 300w\" sizes=\"auto, (max-width: 519px) 100vw, 519px\" \/><\/a><p id=\"caption-attachment-3062\" class=\"wp-caption-text\"><a href=\"http:\/\/www.cloudylabs.fr\/wp\/wp-content\/uploads\/2015\/08\/Composition-cosmic-ray-Nerdermeyer-anderson.pdf\" target=\"_blank\" rel=\"noopener noreferrer\">Anderson 1936<\/a>, Pike&rsquo;sPeak 4200 m. La vue de gauche est la vue directe dans la chambre (l\u2019autre image provient d\u2019un miroir pour avoir une vue st\u00e9r\u00e9oscopique). Champ magn\u00e9tique : 7900 Gauss.<\/p><\/div>\n<p>&nbsp;<\/p>\n<p>&nbsp;<\/p>\n<p>&nbsp;<\/p>\n<p>&nbsp;<\/p>\n<p>&nbsp;<\/p>\n<p style=\"text-align: justify;\"><span style=\"color: #3366ff;\"><strong>Image ci contre :<\/strong>&nbsp;<span style=\"color: #ffffff;\">Exemple<\/span><\/span><span style=\"color: #ffffff;\">&nbsp;d&rsquo;un positon perdant une grande quantit\u00e9 d&rsquo;\u00e9nergie dans une plaque de plomb de 0,35 cm. En dessous de la plaque 3 particules apparaissent, de gauche \u00e0 droite : un positon de 45 MeV, un \u00e9lectron de 45 MeV et un positon de 35 MeV. Un des positon sous la plaque est probablement le positon incident, l&rsquo;autre positon ayant pour origine avec l&rsquo;\u00e9lectron, une paire g\u00e9n\u00e9r\u00e9 par un photon cr\u00e9e dans la plaque de plomb par le Bremsstrahlung du positon incident qui \u00e0 perdu au moins 435 MeV dans le processus. La&nbsp;trace tr\u00e9s courte et pr\u00e9sentant une grande ionisation est un alpha provenant certainement d&rsquo;une contamination de la plaque.<\/span><\/p>\n<div id=\"attachment_3064\" style=\"width: 821px\" class=\"wp-caption aligncenter\"><a href=\"http:\/\/www.cloudylabs.fr\/wp\/wp-content\/uploads\/2014\/03\/electromagnetic-shower.jpg\"><img loading=\"lazy\" decoding=\"async\" aria-describedby=\"caption-attachment-3064\" class=\"wp-image-3064\" src=\"http:\/\/www.cloudylabs.fr\/wp\/wp-content\/uploads\/2014\/03\/electromagnetic-shower.jpg\" alt=\"electromagnetic shower\" width=\"811\" height=\"273\" srcset=\"https:\/\/www.cloudylabs.fr\/wp\/wp-content\/uploads\/2014\/03\/electromagnetic-shower.jpg 1616w, https:\/\/www.cloudylabs.fr\/wp\/wp-content\/uploads\/2014\/03\/electromagnetic-shower-300x101.jpg 300w, https:\/\/www.cloudylabs.fr\/wp\/wp-content\/uploads\/2014\/03\/electromagnetic-shower-1024x345.jpg 1024w\" sizes=\"auto, (max-width: 811px) 100vw, 811px\" \/><\/a><p id=\"caption-attachment-3064\" class=\"wp-caption-text\">L\u00e9gende identique \u00e0 celle pr\u00e9c\u00e9dente<\/p><\/div>\n<p style=\"text-align: justify;\"><span style=\"color: #3366ff;\">&nbsp;<strong>Image de gauche&nbsp;:<\/strong><\/span> Une cascade (shower) o\u00f9 8 positon\/\u00e9lectron incident atteigne la surface d&rsquo;une plaque de plomb de 0,35 cm. Plus de 28 positons\/\u00e9lectrons \u00e9mergent en partie inf\u00e9rieure de la plaque. Cette photo est un exemple de la multiplication des gerbes dans une faible \u00e9paisseur de mati\u00e8re.<\/p>\n<p style=\"text-align: justify;\"><span style=\"color: #3366ff;\"><strong>Image de droite&nbsp;:<\/strong><\/span>&nbsp; Une cascade de plus de 100 \u00e9lectrons. L&rsquo;\u00e9nergie totale de la gerbe exc\u00e8de probablement 10 GeV.<\/p>\n<p style=\"text-align: justify;\">&nbsp;<\/p>\n","protected":false},"excerpt":{"rendered":"<p>Electromagnetic cascade or \u00ab\u00a0soft cascade\u00a0\u00bb (soft referring to the beta particles) comes from the interaction of a \u03b3-ray with a nucleus and materialises (pair creation effect), the resulting electrons subsequently producing new \u03b3-rays by bremsstrahlung. These materialise in turn and there is a rapid development of a &lsquo;cascade&rsquo;, the original energy being dispersed among a [&hellip;]<\/p>\n","protected":false},"author":2,"featured_media":0,"parent":0,"menu_order":0,"comment_status":"open","ping_status":"open","template":"","meta":{"ngg_post_thumbnail":0,"footnotes":""},"class_list":["post-2466","page","type-page","status-publish","hentry"],"jetpack_sharing_enabled":true,"_links":{"self":[{"href":"https:\/\/www.cloudylabs.fr\/wp\/wp-json\/wp\/v2\/pages\/2466","targetHints":{"allow":["GET"]}}],"collection":[{"href":"https:\/\/www.cloudylabs.fr\/wp\/wp-json\/wp\/v2\/pages"}],"about":[{"href":"https:\/\/www.cloudylabs.fr\/wp\/wp-json\/wp\/v2\/types\/page"}],"author":[{"embeddable":true,"href":"https:\/\/www.cloudylabs.fr\/wp\/wp-json\/wp\/v2\/users\/2"}],"replies":[{"embeddable":true,"href":"https:\/\/www.cloudylabs.fr\/wp\/wp-json\/wp\/v2\/comments?post=2466"}],"version-history":[{"count":19,"href":"https:\/\/www.cloudylabs.fr\/wp\/wp-json\/wp\/v2\/pages\/2466\/revisions"}],"predecessor-version":[{"id":8215,"href":"https:\/\/www.cloudylabs.fr\/wp\/wp-json\/wp\/v2\/pages\/2466\/revisions\/8215"}],"wp:attachment":[{"href":"https:\/\/www.cloudylabs.fr\/wp\/wp-json\/wp\/v2\/media?parent=2466"}],"curies":[{"name":"wp","href":"https:\/\/api.w.org\/{rel}","templated":true}]}}