{"id":8073,"date":"2025-08-05T19:07:51","date_gmt":"2025-08-05T18:07:51","guid":{"rendered":"https:\/\/www.cloudylabs.fr\/wp\/?page_id=8073"},"modified":"2025-08-05T19:09:11","modified_gmt":"2025-08-05T18:09:11","slug":"de-chatgpt","status":"publish","type":"page","link":"https:\/\/www.cloudylabs.fr\/wp\/de-chatgpt\/","title":{"rendered":"De chatgpt"},"content":{"rendered":"<h3 data-start=\"176\" data-end=\"223\"><a href=\"https:\/\/www.cloudylabs.fr\/wp\/wp-content\/uploads\/2025\/08\/chat-electron.png\"><img loading=\"lazy\" decoding=\"async\" class=\"aligncenter size-large wp-image-8074\" src=\"https:\/\/www.cloudylabs.fr\/wp\/wp-content\/uploads\/2025\/08\/chat-electron-1024x623.png\" alt=\"\" width=\"1024\" height=\"623\" srcset=\"https:\/\/www.cloudylabs.fr\/wp\/wp-content\/uploads\/2025\/08\/chat-electron-1024x623.png 1024w, https:\/\/www.cloudylabs.fr\/wp\/wp-content\/uploads\/2025\/08\/chat-electron-300x182.png 300w, https:\/\/www.cloudylabs.fr\/wp\/wp-content\/uploads\/2025\/08\/chat-electron-768x467.png 768w, https:\/\/www.cloudylabs.fr\/wp\/wp-content\/uploads\/2025\/08\/chat-electron.png 1184w\" sizes=\"auto, (max-width: 1024px) 100vw, 1024px\" \/><\/a><\/h3>\n<h3 data-start=\"176\" data-end=\"223\"><span style=\"font-size: 16px; font-weight: 400;\">Une trajectoire&nbsp;<\/span><strong style=\"font-size: 16px;\" data-start=\"2074\" data-end=\"2096\">semble plus courbe<\/strong><span style=\"font-size: 16px; font-weight: 400;\">&nbsp;que la r\u00e9alit\u00e9 lorsqu\u2019on en observe une&nbsp;<\/span><strong style=\"font-size: 16px;\" data-start=\"2137\" data-end=\"2154\">projection 2D<\/strong><span style=\"font-size: 16px; font-weight: 400;\">, parce que la composante parall\u00e8le au champ (la \u00ab\u00a0progression\u00a0\u00bb de l\u2019h\u00e9lice) est&nbsp;<\/span><strong style=\"font-size: 16px;\" data-start=\"2234\" data-end=\"2245\">\u00e9cras\u00e9e<\/strong><span style=\"font-size: 16px; font-weight: 400;\">&nbsp;dans la projection, ce qui&nbsp;<\/span><strong style=\"font-size: 16px;\" data-start=\"2273\" data-end=\"2286\">compresse<\/strong><span style=\"font-size: 16px; font-weight: 400;\">&nbsp;visuellement les boucles de la spirale.<\/span><\/h3>\n<h3 data-start=\"176\" data-end=\"223\">1. <strong data-start=\"183\" data-end=\"223\">Projection d\u2019un ressort vu de dessus<\/strong><\/h3>\n<ul data-start=\"225\" data-end=\"608\">\n<li data-start=\"225\" data-end=\"293\">\n<p data-start=\"227\" data-end=\"293\">Imagine un ressort (comme un ressort de stylo) tenu verticalement.<\/p>\n<\/li>\n<li data-start=\"294\" data-end=\"391\">\n<p data-start=\"296\" data-end=\"391\">Vu de c\u00f4t\u00e9, tu vois la spirale dans toute sa hauteur : les boucles sont espac\u00e9es r\u00e9guli\u00e8rement.<\/p>\n<\/li>\n<li data-start=\"392\" data-end=\"496\">\n<p data-start=\"394\" data-end=\"496\">Vu de <strong data-start=\"400\" data-end=\"410\">dessus<\/strong>, les boucles se superposent presque, car la hauteur est \u00ab\u00a0aplatie\u00a0\u00bb dans la projection.<\/p>\n<\/li>\n<li data-start=\"497\" data-end=\"608\">\n<p data-start=\"499\" data-end=\"608\">R\u00e9sultat : la forme para\u00eet comme une s\u00e9rie de cercles imbriqu\u00e9s, plus serr\u00e9s \u2192 <strong data-start=\"578\" data-end=\"607\">plus courb\u00e9e visuellement<\/strong>.<\/p>\n<\/li>\n<\/ul>\n<p>&nbsp;<\/p>\n","protected":false},"excerpt":{"rendered":"<p>Une trajectoire&nbsp;semble plus courbe&nbsp;que la r\u00e9alit\u00e9 lorsqu\u2019on en observe une&nbsp;projection 2D, parce que la composante parall\u00e8le au champ (la \u00ab\u00a0progression\u00a0\u00bb de l\u2019h\u00e9lice) est&nbsp;\u00e9cras\u00e9e&nbsp;dans la projection, ce qui&nbsp;compresse&nbsp;visuellement les boucles de la spirale. 1. Projection d\u2019un ressort vu de dessus Imagine un ressort (comme un ressort de stylo) tenu verticalement. Vu de c\u00f4t\u00e9, tu vois la [&hellip;]<\/p>\n","protected":false},"author":1,"featured_media":0,"parent":0,"menu_order":0,"comment_status":"closed","ping_status":"closed","template":"","meta":{"ngg_post_thumbnail":0,"footnotes":""},"class_list":["post-8073","page","type-page","status-publish","hentry"],"jetpack_sharing_enabled":true,"_links":{"self":[{"href":"https:\/\/www.cloudylabs.fr\/wp\/wp-json\/wp\/v2\/pages\/8073","targetHints":{"allow":["GET"]}}],"collection":[{"href":"https:\/\/www.cloudylabs.fr\/wp\/wp-json\/wp\/v2\/pages"}],"about":[{"href":"https:\/\/www.cloudylabs.fr\/wp\/wp-json\/wp\/v2\/types\/page"}],"author":[{"embeddable":true,"href":"https:\/\/www.cloudylabs.fr\/wp\/wp-json\/wp\/v2\/users\/1"}],"replies":[{"embeddable":true,"href":"https:\/\/www.cloudylabs.fr\/wp\/wp-json\/wp\/v2\/comments?post=8073"}],"version-history":[{"count":1,"href":"https:\/\/www.cloudylabs.fr\/wp\/wp-json\/wp\/v2\/pages\/8073\/revisions"}],"predecessor-version":[{"id":8075,"href":"https:\/\/www.cloudylabs.fr\/wp\/wp-json\/wp\/v2\/pages\/8073\/revisions\/8075"}],"wp:attachment":[{"href":"https:\/\/www.cloudylabs.fr\/wp\/wp-json\/wp\/v2\/media?parent=8073"}],"curies":[{"name":"wp","href":"https:\/\/api.w.org\/{rel}","templated":true}]}}